{"id":276,"date":"2024-04-22T17:37:47","date_gmt":"2024-04-22T15:37:47","guid":{"rendered":"https:\/\/terre-de-provence.com\/?page_id=276"},"modified":"2024-04-29T22:18:36","modified_gmt":"2024-04-29T20:18:36","slug":"la-grainotheque","status":"publish","type":"page","link":"https:\/\/terre-de-provence.com\/index.php\/la-grainotheque\/","title":{"rendered":"La Grainoth\u00e8que"},"content":{"rendered":"\n<p><em><strong>Le principe de la grainoth\u00e8que est bas\u00e9 sur le troc : Vous venez prendre des graines\u2026 en \u00e9change de graines que vous apportez&nbsp;!<\/strong><\/em><\/p>\n\n\n\n<h1 class=\"wp-block-heading has-text-color has-link-color wp-elements-58826e22defae0db4b3dee94af8d66f9\" style=\"color:#43961a\">Qu&rsquo;est ce qu&rsquo;une grainoth\u00e8que ?<\/h1>\n\n\n\n<p>&nbsp;&nbsp;&nbsp;&nbsp;&nbsp;&nbsp;&nbsp; Ce syst\u00e8me de don contre don n&rsquo;est pas n\u00e9cessairement simultan\u00e9 : vous pouvez prendre des graines au moment o\u00f9 vous en avez besoin et en rapporter quand vous en aurez \u00e0 partager apr\u00e8s votre r\u00e9colte.<\/p>\n\n\n\n<p>&nbsp;&nbsp;&nbsp;&nbsp;&nbsp; Cependant chacun d\u2019entre vous doit s&rsquo;engager \u00e0 <strong>ne prendre que le nombre de graines que vous pouvez cultiver et \u00e0 en d\u00e9poser d&rsquo;autres le temps venu<\/strong>. Des sachets vous permettront de prendre la quantit\u00e9 de graines dont vous avez besoin.<\/p>\n\n\n\n<h2 class=\"wp-block-heading has-text-color has-link-color wp-elements-f84ab9dcc1a06e28b9cc34b02200bdd1\" style=\"color:#43961a\">Dans quel but ?<\/h2>\n\n\n\n<p>Pour la <strong>gratuit\u00e9<\/strong> dans un monde o\u00f9 tout s&rsquo;ach\u00e8te : le <strong>partage<\/strong> est une mani\u00e8re \u00e9conomique, libre et solidaire de faire (re)d\u00e9couvrir les tr\u00e9sors de la nature \u00e0 nos enfants, \u00e0 nos voisins&#8230;<\/p>\n\n\n\n<p>\u200bPour la <strong>libert\u00e9<\/strong> d&rsquo;\u00e9changer et de reproduire nos graines.<\/p>\n\n\n\n<p>\u200bPour un entretien citoyen de la <strong>biodiversit\u00e9<\/strong> cultiv\u00e9e.<\/p>\n\n\n\n<p>\u200bPour des semences adapt\u00e9es \u00e0 notre <strong>terroir<\/strong>. Retrouvons localement les vari\u00e9t\u00e9s adapt\u00e9es et partageons les ensemble !<\/p>\n\n\n\n<p>\u200bPour <strong>tous<\/strong>, car les semences concernent chacun d&rsquo;entre nous.<\/p>\n\n\n\n<p>\u200bPour se r\u00e9approprier la question de la semence, <strong>\u00e9changer<\/strong> les savoir-faire.<\/p>\n\n\n\n<blockquote class=\"wp-block-quote is-layout-flow wp-block-quote-is-layout-flow\">\n<blockquote class=\"wp-block-quote is-layout-flow wp-block-quote-is-layout-flow\">\n<p><em><strong>Prenez des graines, reproduisez-les pour en d\u00e9poser \u00e0 votre tour et reprendre<\/strong><\/em> <em><strong>en main notre h\u00e9ritage !<\/strong><\/em><\/p>\n<\/blockquote>\n<\/blockquote>\n\n\n\n<figure class=\"wp-block-image size-large\"><img loading=\"lazy\" decoding=\"async\" width=\"2024\" height=\"1052\" src=\"https:\/\/terre-de-provence.com\/wp-content\/uploads\/2024\/04\/C45A9789b-2024x1052.jpg\" alt=\"\" class=\"wp-image-290\" srcset=\"https:\/\/terre-de-provence.com\/wp-content\/uploads\/2024\/04\/C45A9789b-2024x1052.jpg 2024w, https:\/\/terre-de-provence.com\/wp-content\/uploads\/2024\/04\/C45A9789b-300x156.jpg 300w, https:\/\/terre-de-provence.com\/wp-content\/uploads\/2024\/04\/C45A9789b-768x399.jpg 768w, https:\/\/terre-de-provence.com\/wp-content\/uploads\/2024\/04\/C45A9789b-1536x798.jpg 1536w, https:\/\/terre-de-provence.com\/wp-content\/uploads\/2024\/04\/C45A9789b-2048x1065.jpg 2048w\" sizes=\"auto, (max-width: 706px) 89vw, (max-width: 767px) 82vw, 740px\" \/><\/figure>\n\n\n\n<h2 class=\"wp-block-heading has-text-color has-link-color wp-elements-6341da0bb30e223f12523bac97b496e8\" style=\"color:#43961a\">Quelles graines et vari\u00e9t\u00e9s partager ?<\/h2>\n\n\n\n<p>Toutes les graines : l\u00e9gumes, fruits, fleurs, arbustes\u2026 les vari\u00e9t\u00e9s anciennes, les vari\u00e9t\u00e9s traditionnelles de notre terroir. <strong>Attention, les graines \u00e9chang\u00e9es ne devront pas \u00eatre issues de semences hybrides industrielles F1<\/strong> !<\/p>\n\n\n\n<figure class=\"wp-block-gallery has-nested-images columns-default is-cropped wp-block-gallery-1 is-layout-flex wp-block-gallery-is-layout-flex\">\n<figure class=\"wp-block-image size-large\"><img loading=\"lazy\" decoding=\"async\" width=\"2016\" height=\"1512\" data-id=\"292\" src=\"https:\/\/terre-de-provence.com\/wp-content\/uploads\/2024\/04\/WhatsApp-Image-2024-04-20-a-20.10.48_e2c0056d.jpg\" alt=\"\" class=\"wp-image-292\" srcset=\"https:\/\/terre-de-provence.com\/wp-content\/uploads\/2024\/04\/WhatsApp-Image-2024-04-20-a-20.10.48_e2c0056d.jpg 2016w, https:\/\/terre-de-provence.com\/wp-content\/uploads\/2024\/04\/WhatsApp-Image-2024-04-20-a-20.10.48_e2c0056d-300x225.jpg 300w, https:\/\/terre-de-provence.com\/wp-content\/uploads\/2024\/04\/WhatsApp-Image-2024-04-20-a-20.10.48_e2c0056d-768x576.jpg 768w, https:\/\/terre-de-provence.com\/wp-content\/uploads\/2024\/04\/WhatsApp-Image-2024-04-20-a-20.10.48_e2c0056d-1536x1152.jpg 1536w\" sizes=\"auto, (max-width: 706px) 89vw, (max-width: 767px) 82vw, 740px\" \/><\/figure>\n\n\n\n<figure class=\"wp-block-image size-large\"><img loading=\"lazy\" decoding=\"async\" width=\"1512\" height=\"2016\" data-id=\"293\" src=\"https:\/\/terre-de-provence.com\/wp-content\/uploads\/2024\/04\/WhatsApp-Image-2024-04-20-a-20.13.14_fd6c0c05.jpg\" alt=\"\" class=\"wp-image-293\" srcset=\"https:\/\/terre-de-provence.com\/wp-content\/uploads\/2024\/04\/WhatsApp-Image-2024-04-20-a-20.13.14_fd6c0c05.jpg 1512w, https:\/\/terre-de-provence.com\/wp-content\/uploads\/2024\/04\/WhatsApp-Image-2024-04-20-a-20.13.14_fd6c0c05-225x300.jpg 225w, https:\/\/terre-de-provence.com\/wp-content\/uploads\/2024\/04\/WhatsApp-Image-2024-04-20-a-20.13.14_fd6c0c05-768x1024.jpg 768w, https:\/\/terre-de-provence.com\/wp-content\/uploads\/2024\/04\/WhatsApp-Image-2024-04-20-a-20.13.14_fd6c0c05-1152x1536.jpg 1152w\" sizes=\"auto, (max-width: 706px) 89vw, (max-width: 767px) 82vw, 740px\" \/><\/figure>\n\n\n\n<figure class=\"wp-block-image size-large\"><img loading=\"lazy\" decoding=\"async\" width=\"1512\" height=\"2016\" data-id=\"295\" src=\"https:\/\/terre-de-provence.com\/wp-content\/uploads\/2024\/04\/WhatsApp-Image-2024-04-20-a-20.20.52_2f1263e2.jpg\" alt=\"\" class=\"wp-image-295\" srcset=\"https:\/\/terre-de-provence.com\/wp-content\/uploads\/2024\/04\/WhatsApp-Image-2024-04-20-a-20.20.52_2f1263e2.jpg 1512w, https:\/\/terre-de-provence.com\/wp-content\/uploads\/2024\/04\/WhatsApp-Image-2024-04-20-a-20.20.52_2f1263e2-225x300.jpg 225w, https:\/\/terre-de-provence.com\/wp-content\/uploads\/2024\/04\/WhatsApp-Image-2024-04-20-a-20.20.52_2f1263e2-768x1024.jpg 768w, https:\/\/terre-de-provence.com\/wp-content\/uploads\/2024\/04\/WhatsApp-Image-2024-04-20-a-20.20.52_2f1263e2-1152x1536.jpg 1152w\" sizes=\"auto, (max-width: 706px) 89vw, (max-width: 767px) 82vw, 740px\" \/><\/figure>\n<\/figure>\n\n\n\n<h2 class=\"wp-block-heading has-text-color has-link-color wp-elements-a4c3160475d0825829c31963b4b25441\" style=\"color:#43961a\">Quand et comment d\u00e9poser ses graines<\/h2>\n\n\n\n<p>Il faut bien faire s\u00e9cher les graines avant de les apporter. Une fois r\u00e9colt\u00e9es, s\u00e9ch\u00e9es, et identifi\u00e9es vous pourrez les d\u00e9poser \u00e0 la grainoth\u00e8que (dans un sachet ou une enveloppe), en notant la vari\u00e9t\u00e9, la date de la r\u00e9colte, leur nom, et \u00e9ventuellement quelques conseils pratiques pour les cultiver (p\u00e9riode de semis\u2026).<\/p>\n\n\n\n<p>La charte de la grainoth\u00e8que est disponible sur place, en voici le contenu :<\/p>\n\n\n\n<figure class=\"wp-block-gallery has-nested-images columns-default is-cropped wp-block-gallery-2 is-layout-flex wp-block-gallery-is-layout-flex\">\n<figure class=\"wp-block-image size-large is-style-default\"><img loading=\"lazy\" decoding=\"async\" width=\"1432\" height=\"2024\" data-id=\"279\" src=\"https:\/\/terre-de-provence.com\/wp-content\/uploads\/2024\/04\/WEB-afficheA3-1432x2024.jpg\" alt=\"\" class=\"wp-image-279\" srcset=\"https:\/\/terre-de-provence.com\/wp-content\/uploads\/2024\/04\/WEB-afficheA3-1432x2024.jpg 1432w, https:\/\/terre-de-provence.com\/wp-content\/uploads\/2024\/04\/WEB-afficheA3-212x300.jpg 212w, https:\/\/terre-de-provence.com\/wp-content\/uploads\/2024\/04\/WEB-afficheA3-768x1086.jpg 768w, https:\/\/terre-de-provence.com\/wp-content\/uploads\/2024\/04\/WEB-afficheA3-1087x1536.jpg 1087w, https:\/\/terre-de-provence.com\/wp-content\/uploads\/2024\/04\/WEB-afficheA3-1449x2048.jpg 1449w, https:\/\/terre-de-provence.com\/wp-content\/uploads\/2024\/04\/WEB-afficheA3-scaled.jpg 1811w\" sizes=\"auto, (max-width: 706px) 89vw, (max-width: 767px) 82vw, 740px\" \/><\/figure>\n<\/figure>\n","protected":false},"excerpt":{"rendered":"<p>Le principe de la grainoth\u00e8que est bas\u00e9 sur le troc : Vous venez prendre des graines\u2026 en \u00e9change de graines que vous apportez&nbsp;! Qu&rsquo;est ce qu&rsquo;une grainoth\u00e8que ? &nbsp;&nbsp;&nbsp;&nbsp;&nbsp;&nbsp;&nbsp; Ce syst\u00e8me de don contre don n&rsquo;est pas n\u00e9cessairement simultan\u00e9 : vous pouvez prendre des graines au moment o\u00f9 vous en avez besoin et en rapporter &hellip; <\/p>\n<p class=\"link-more\"><a href=\"https:\/\/terre-de-provence.com\/index.php\/la-grainotheque\/\" class=\"more-link\">Continuer la lecture<span class=\"screen-reader-text\"> de &laquo;&nbsp;La Grainoth\u00e8que&nbsp;&raquo;<\/span><\/a><\/p>\n","protected":false},"author":2,"featured_media":287,"parent":0,"menu_order":0,"comment_status":"open","ping_status":"closed","template":"","meta":{"footnotes":""},"class_list":["post-276","page","type-page","status-publish","has-post-thumbnail","hentry"],"_links":{"self":[{"href":"https:\/\/terre-de-provence.com\/index.php\/wp-json\/wp\/v2\/pages\/276","targetHints":{"allow":["GET"]}}],"collection":[{"href":"https:\/\/terre-de-provence.com\/index.php\/wp-json\/wp\/v2\/pages"}],"about":[{"href":"https:\/\/terre-de-provence.com\/index.php\/wp-json\/wp\/v2\/types\/page"}],"author":[{"embeddable":true,"href":"https:\/\/terre-de-provence.com\/index.php\/wp-json\/wp\/v2\/users\/2"}],"replies":[{"embeddable":true,"href":"https:\/\/terre-de-provence.com\/index.php\/wp-json\/wp\/v2\/comments?post=276"}],"version-history":[{"count":10,"href":"https:\/\/terre-de-provence.com\/index.php\/wp-json\/wp\/v2\/pages\/276\/revisions"}],"predecessor-version":[{"id":297,"href":"https:\/\/terre-de-provence.com\/index.php\/wp-json\/wp\/v2\/pages\/276\/revisions\/297"}],"wp:featuredmedia":[{"embeddable":true,"href":"https:\/\/terre-de-provence.com\/index.php\/wp-json\/wp\/v2\/media\/287"}],"wp:attachment":[{"href":"https:\/\/terre-de-provence.com\/index.php\/wp-json\/wp\/v2\/media?parent=276"}],"curies":[{"name":"wp","href":"https:\/\/api.w.org\/{rel}","templated":true}]}}